{"id":376,"date":"2024-03-04T12:09:28","date_gmt":"2024-03-04T12:09:28","guid":{"rendered":"https:\/\/dummy.xtemos.com\/woodmart2\/vegetables-elementor\/?post_type=product&#038;p=376"},"modified":"2025-10-19T17:52:09","modified_gmt":"2025-10-19T17:52:09","slug":"aqualimp","status":"publish","type":"product","link":"https:\/\/pisciculturagalileia.com.br\/site\/product\/aqualimp\/","title":{"rendered":"Probi\u00f3tico Aqualimp em p\u00f3 1 kilo"},"content":{"rendered":"\t\t<div data-elementor-type=\"product-post\" data-elementor-id=\"376\" class=\"elementor elementor-376\" data-elementor-post-type=\"product\">\n\t\t\t\t<div class=\"elementor-element elementor-element-735e139 e-flex e-con-boxed e-con e-parent\" data-id=\"735e139\" data-element_type=\"container\" data-e-type=\"container\">\n\t\t\t\t\t<div class=\"e-con-inner\">\n\t\t\t\t<div class=\"elementor-element elementor-element-a6c3ff5 elementor-widget elementor-widget-text-editor\" data-id=\"a6c3ff5\" data-element_type=\"widget\" data-e-type=\"widget\" data-widget_type=\"text-editor.default\">\n\t\t\t\t\t\t\t\t\tAquaLimp \u00e9 um probi\u00f3tico com atividade biorremediadora de aplica\u00e7\u00e3o via \u00e1gua ou ra\u00e7\u00e3o, sua f\u00f3rmula \u00e9 altamente concentrada em bact\u00e9rias ben\u00e9ficas, \u00e9 compat\u00edvel com peixes e crust\u00e1ceos.\r\n\r\nProduto em p\u00f3, n\u00e3o deixa res\u00edduos, se solubiliza por completo.\r\nF\u00f3rmula totalmente biocompat\u00edvel.\r\n\r\nCOM 9 BACT\u00c9RIAS\r\n\r\nProduto de Duplo Efeito: Melhora a qualidade da \u00e1gua e gera efeito probi\u00f3tico nos animais.\r\n\r\nNA \u00c1GUA:\r\n\u2022 Consome e reduz o Lodo do fundo dos sistemas. (Restos de ra\u00e7\u00e3o, fezes, mat\u00e9ria org\u00e2nica)\r\n\u2022 Consome e reduz a mat\u00e9ria org\u00e2nica que fica suspensa na \u00e1gua, reduzindo a turbidez\r\n\u2022 Reduz e equilibra os n\u00edveis de Am\u00f4nia, nitrito e nitrato.\r\n\u2022 Contribui para o equilibrio da comunidade de algas\r\n\u2022 Reduz elementos como o f\u00f3sforo que em excesso causa a multiplica\u00e7\u00e3o excessiva das algas.\r\n\u2022 Reduz microrganismos ruins que se multiplicam na \u00e1gua, atuando na preven\u00e7\u00e3o de doen\u00e7as.\r\n\r\nQuando adicionado via \u00e1gua, o AquaLimp gera efeito probi\u00f3tico.\r\nNOS ANIMAIS:\r\n\u2022 Aumenta o ganho de peso\r\n\u2022 Aumenta a efici\u00eancia alimentar\r\n\u2022 Aumenta a absor\u00e7\u00e3o de nutrientes, vitaminas e minerais\r\n\u2022 Aumenta a resist\u00eancia contra doen\u00e7as\r\n\u2022 Aumenta a resist\u00eancia aos estresses de transfer\u00eancia\r\n\u2022 Reduz a mortalidade\r\n\u2022 No camar\u00e3o atua inibindo doen\u00e7as como vibrioses e bact\u00e9rias florescentes.\t\t\t\t\t\t\t\t<\/div>\n\t\t\t\t\t<\/div>\n\t\t\t\t<\/div>\n\t\t\t\t<\/div>\n\t\t","protected":false},"excerpt":{"rendered":"<p>Produto indispens\u00e1vel para manter a sa\u00fade de seu sistema do cultivo de peixes e camar\u00f5es<\/p>\n","protected":false},"featured_media":1526,"comment_status":"open","ping_status":"closed","template":"elementor_theme","meta":[],"product_brand":[88],"product_cat":[87],"product_tag":[],"class_list":{"0":"post-376","1":"product","2":"type-product","3":"status-publish","4":"has-post-thumbnail","6":"product_brand-braspec","7":"product_cat-probiotico","9":"first","10":"instock","11":"sale","12":"shipping-taxable","13":"purchasable","14":"product-type-simple"},"_links":{"self":[{"href":"https:\/\/pisciculturagalileia.com.br\/site\/wp-json\/wp\/v2\/product\/376","targetHints":{"allow":["GET"]}}],"collection":[{"href":"https:\/\/pisciculturagalileia.com.br\/site\/wp-json\/wp\/v2\/product"}],"about":[{"href":"https:\/\/pisciculturagalileia.com.br\/site\/wp-json\/wp\/v2\/types\/product"}],"replies":[{"embeddable":true,"href":"https:\/\/pisciculturagalileia.com.br\/site\/wp-json\/wp\/v2\/comments?post=376"}],"version-history":[{"count":11,"href":"https:\/\/pisciculturagalileia.com.br\/site\/wp-json\/wp\/v2\/product\/376\/revisions"}],"predecessor-version":[{"id":1558,"href":"https:\/\/pisciculturagalileia.com.br\/site\/wp-json\/wp\/v2\/product\/376\/revisions\/1558"}],"wp:featuredmedia":[{"embeddable":true,"href":"https:\/\/pisciculturagalileia.com.br\/site\/wp-json\/wp\/v2\/media\/1526"}],"wp:attachment":[{"href":"https:\/\/pisciculturagalileia.com.br\/site\/wp-json\/wp\/v2\/media?parent=376"}],"wp:term":[{"taxonomy":"product_brand","embeddable":true,"href":"https:\/\/pisciculturagalileia.com.br\/site\/wp-json\/wp\/v2\/product_brand?post=376"},{"taxonomy":"product_cat","embeddable":true,"href":"https:\/\/pisciculturagalileia.com.br\/site\/wp-json\/wp\/v2\/product_cat?post=376"},{"taxonomy":"product_tag","embeddable":true,"href":"https:\/\/pisciculturagalileia.com.br\/site\/wp-json\/wp\/v2\/product_tag?post=376"}],"curies":[{"name":"wp","href":"https:\/\/api.w.org\/{rel}","templated":true}]}}