{"id":7,"date":"2025-09-13T18:59:54","date_gmt":"2025-09-13T18:59:54","guid":{"rendered":"https:\/\/pisciculturagalileia.com.br\/site\/cart\/"},"modified":"2025-09-25T18:17:56","modified_gmt":"2025-09-25T18:17:56","slug":"cart","status":"publish","type":"page","link":"https:\/\/pisciculturagalileia.com.br\/site\/cart\/","title":{"rendered":"Cart"},"content":{"rendered":"\n<div data-block-name=\"woocommerce\/cart\" class=\"wp-block-woocommerce-cart alignwide is-loading\">\n<div data-block-name=\"woocommerce\/filled-cart-block\" class=\"wp-block-woocommerce-filled-cart-block\">\n<div data-block-name=\"woocommerce\/cart-items-block\" class=\"wp-block-woocommerce-cart-items-block\">\n<div data-block-name=\"woocommerce\/cart-line-items-block\" class=\"wp-block-woocommerce-cart-line-items-block\"><\/div>\n\n\n\n<div data-block-name=\"woocommerce\/cart-cross-sells-block\" class=\"wp-block-woocommerce-cart-cross-sells-block\">\n<h2 class=\"wp-block-heading has-large-font-size\">You may be interested in\u2026<\/h2>\n\n\n\n<div data-block-name=\"woocommerce\/cart-cross-sells-products-block\" class=\"wp-block-woocommerce-cart-cross-sells-products-block\"><\/div>\n<\/div>\n<\/div>\n\n\n\n<div data-block-name=\"woocommerce\/cart-totals-block\" class=\"wp-block-woocommerce-cart-totals-block\">\n<div data-block-name=\"woocommerce\/cart-order-summary-block\" class=\"wp-block-woocommerce-cart-order-summary-block\">\n<div data-block-name=\"woocommerce\/cart-order-summary-heading-block\" class=\"wp-block-woocommerce-cart-order-summary-heading-block\"><\/div><div data-block-name=\"woocommerce\/cart-order-summary-coupon-form-block\" class=\"wp-block-woocommerce-cart-order-summary-coupon-form-block\"><\/div><div data-block-name=\"woocommerce\/cart-order-summary-totals-block\" class=\"wp-block-woocommerce-cart-order-summary-totals-block\">\n<div data-block-name=\"woocommerce\/cart-order-summary-subtotal-block\" class=\"wp-block-woocommerce-cart-order-summary-subtotal-block\"><\/div>\n<div data-block-name=\"woocommerce\/cart-order-summary-discount-block\" class=\"wp-block-woocommerce-cart-order-summary-discount-block\"><\/div>\n<div data-block-name=\"woocommerce\/cart-order-summary-fee-block\" class=\"wp-block-woocommerce-cart-order-summary-fee-block\"><\/div>\n<div data-block-name=\"woocommerce\/cart-order-summary-shipping-block\" class=\"wp-block-woocommerce-cart-order-summary-shipping-block\"><\/div>\n<div data-block-name=\"woocommerce\/cart-order-summary-taxes-block\" class=\"wp-block-woocommerce-cart-order-summary-taxes-block\"><\/div><\/div>\n<\/div>\n\n\n\n<div data-block-name=\"woocommerce\/cart-express-payment-block\" class=\"wp-block-woocommerce-cart-express-payment-block\"><\/div>\n\n\n\n<div data-block-name=\"woocommerce\/proceed-to-checkout-block\" class=\"wp-block-woocommerce-proceed-to-checkout-block\"><\/div>\n\n\n\n<div data-block-name=\"woocommerce\/cart-accepted-payment-methods-block\" class=\"wp-block-woocommerce-cart-accepted-payment-methods-block\"><\/div>\n<\/div>\n<\/div>\n\n\n\n<div data-block-name=\"woocommerce\/empty-cart-block\" class=\"wp-block-woocommerce-empty-cart-block\">\n<h2 class=\"wp-block-heading has-text-align-center with-empty-cart-icon wc-block-cart__empty-cart__title\">Your cart is currently empty!<\/h2>\n\n\n\n<hr class=\"wp-block-separator has-alpha-channel-opacity is-style-dots\" \/>\n\n\n\n<h2 class=\"wp-block-heading has-text-align-center\">New in store<\/h2>\n\n\n<div data-block-name=\"woocommerce\/product-new\" data-columns=\"4\" data-rows=\"1\" class=\"wc-block-grid wp-block-product-new wp-block-woocommerce-product-new wc-block-product-new has-4-columns\"><ul class=\"wc-block-grid__products\"><li class=\"wc-block-grid__product\">\n\t\t\t\t<a href=\"https:\/\/pisciculturagalileia.com.br\/site\/product\/tilapias-alevinos-a-partir-de-3cm\/\" class=\"wc-block-grid__product-link\">\n\t\t\t\t\t\n\t\t\t\t\t<div class=\"wc-block-grid__product-image\"><img fetchpriority=\"high\" decoding=\"async\" width=\"500\" height=\"500\" src=\"https:\/\/pisciculturagalileia.com.br\/site\/wp-content\/uploads\/2025\/10\/alevinostilapia.png\" class=\"attachment-woocommerce_thumbnail size-woocommerce_thumbnail\" alt=\"Til\u00e1pias Alevinos a partir de 3cm\" srcset=\"https:\/\/pisciculturagalileia.com.br\/site\/wp-content\/uploads\/2025\/10\/alevinostilapia.png 500w, https:\/\/pisciculturagalileia.com.br\/site\/wp-content\/uploads\/2025\/10\/alevinostilapia-300x300.png 300w, https:\/\/pisciculturagalileia.com.br\/site\/wp-content\/uploads\/2025\/10\/alevinostilapia-150x150.png 150w, https:\/\/pisciculturagalileia.com.br\/site\/wp-content\/uploads\/2025\/10\/alevinostilapia-100x100.png 100w\" sizes=\"(max-width: 500px) 100vw, 500px\" \/><\/div>\n\t\t\t\t\t<div class=\"wc-block-grid__product-title\">Til\u00e1pias Alevinos a partir de 3cm<\/div>\n\t\t\t\t<\/a>\n\t\t\t\t<div class=\"wc-block-grid__product-price price\"><span class=\"woocommerce-Price-amount amount\" aria-hidden=\"true\">69,90<span class=\"woocommerce-Price-currencySymbol\">&#082;&#036;<\/span><\/span> <span aria-hidden=\"true\">&ndash;<\/span> <span class=\"woocommerce-Price-amount amount\" aria-hidden=\"true\">399,90<span class=\"woocommerce-Price-currencySymbol\">&#082;&#036;<\/span><\/span><span class=\"screen-reader-text\">Price range: 69,90&#082;&#036; through 399,90&#082;&#036;<\/span><\/div>\n\t\t\t\t\n\t\t\t\t<div class=\"wp-block-button wc-block-grid__product-add-to-cart\"><a href=\"https:\/\/pisciculturagalileia.com.br\/site\/product\/tilapias-alevinos-a-partir-de-3cm\/\" aria-label=\"Selecione as op\u00e7\u00f5es para &ldquo;Til\u00e1pias Alevinos a partir de 3cm&rdquo;\" data-quantity=\"1\" data-product_id=\"1568\" data-product_sku=\"\" data-price=\"69.9\" rel=\"nofollow\" class=\"wp-block-button__link  add_to_cart_button\">Ver op\u00e7\u00f5es<\/a><\/div>\n\t\t\t<\/li><li class=\"wc-block-grid__product\">\n\t\t\t\t<a href=\"https:\/\/pisciculturagalileia.com.br\/site\/product\/aqualimp\/\" class=\"wc-block-grid__product-link\">\n\t\t\t\t\t<div class=\"wc-block-grid__product-onsale\">\n\t\t\t<span aria-hidden=\"true\">Oferta<\/span>\n\t\t\t<span class=\"screen-reader-text\">Produto em promo\u00e7\u00e3o<\/span>\n\t\t<\/div>\n\t\t\t\t\t<div class=\"wc-block-grid__product-image\"><img decoding=\"async\" width=\"500\" height=\"500\" src=\"https:\/\/pisciculturagalileia.com.br\/site\/wp-content\/uploads\/2025\/10\/3.png\" class=\"attachment-woocommerce_thumbnail size-woocommerce_thumbnail\" alt=\"Probi\u00f3tico Aqualimp em p\u00f3 1 kilo\" srcset=\"https:\/\/pisciculturagalileia.com.br\/site\/wp-content\/uploads\/2025\/10\/3.png 500w, https:\/\/pisciculturagalileia.com.br\/site\/wp-content\/uploads\/2025\/10\/3-300x300.png 300w, https:\/\/pisciculturagalileia.com.br\/site\/wp-content\/uploads\/2025\/10\/3-150x150.png 150w, https:\/\/pisciculturagalileia.com.br\/site\/wp-content\/uploads\/2025\/10\/3-100x100.png 100w\" sizes=\"(max-width: 500px) 100vw, 500px\" \/><\/div>\n\t\t\t\t\t<div class=\"wc-block-grid__product-title\">Probi\u00f3tico Aqualimp em p\u00f3 1 kilo<\/div>\n\t\t\t\t<\/a>\n\t\t\t\t<div class=\"wc-block-grid__product-price price\"><del aria-hidden=\"true\"><span class=\"woocommerce-Price-amount amount\">178,00<span class=\"woocommerce-Price-currencySymbol\">&#082;&#036;<\/span><\/span><\/del> <span class=\"screen-reader-text\">O pre\u00e7o original era: 178,00&#082;&#036;.<\/span><ins aria-hidden=\"true\"><span class=\"woocommerce-Price-amount amount\">149,90<span class=\"woocommerce-Price-currencySymbol\">&#082;&#036;<\/span><\/span><\/ins><span class=\"screen-reader-text\">O pre\u00e7o atual \u00e9: 149,90&#082;&#036;.<\/span><\/div>\n\t\t\t\t\n\t\t\t\t<div class=\"wp-block-button wc-block-grid__product-add-to-cart\"><a href=\"\/site\/wp-json\/wp\/v2\/pages\/7?add-to-cart=376\" aria-label=\"Adicione ao carrinho: &ldquo;Probi\u00f3tico Aqualimp em p\u00f3 1 kilo&rdquo;\" data-quantity=\"1\" data-product_id=\"376\" data-product_sku=\"\" data-price=\"149.9\" rel=\"nofollow\" class=\"wp-block-button__link  add_to_cart_button ajax_add_to_cart\">Adicionar ao carrinho<\/a><\/div>\n\t\t\t<\/li><\/ul><\/div><\/div>\n<\/div>\n","protected":false},"excerpt":{"rendered":"","protected":false},"author":1,"featured_media":0,"parent":0,"menu_order":0,"comment_status":"closed","ping_status":"closed","template":"","meta":{"footnotes":""},"class_list":["post-7","page","type-page","status-publish","hentry"],"_links":{"self":[{"href":"https:\/\/pisciculturagalileia.com.br\/site\/wp-json\/wp\/v2\/pages\/7","targetHints":{"allow":["GET"]}}],"collection":[{"href":"https:\/\/pisciculturagalileia.com.br\/site\/wp-json\/wp\/v2\/pages"}],"about":[{"href":"https:\/\/pisciculturagalileia.com.br\/site\/wp-json\/wp\/v2\/types\/page"}],"author":[{"embeddable":true,"href":"https:\/\/pisciculturagalileia.com.br\/site\/wp-json\/wp\/v2\/users\/1"}],"replies":[{"embeddable":true,"href":"https:\/\/pisciculturagalileia.com.br\/site\/wp-json\/wp\/v2\/comments?post=7"}],"version-history":[{"count":1,"href":"https:\/\/pisciculturagalileia.com.br\/site\/wp-json\/wp\/v2\/pages\/7\/revisions"}],"predecessor-version":[{"id":1292,"href":"https:\/\/pisciculturagalileia.com.br\/site\/wp-json\/wp\/v2\/pages\/7\/revisions\/1292"}],"wp:attachment":[{"href":"https:\/\/pisciculturagalileia.com.br\/site\/wp-json\/wp\/v2\/media?parent=7"}],"curies":[{"name":"wp","href":"https:\/\/api.w.org\/{rel}","templated":true}]}}