{"id":1301,"date":"2025-09-25T20:06:59","date_gmt":"2025-09-25T20:06:59","guid":{"rendered":"https:\/\/pisciculturagalileia.com.br\/site\/?page_id=1301"},"modified":"2025-10-19T18:08:25","modified_gmt":"2025-10-19T18:08:25","slug":"insumos","status":"publish","type":"page","link":"https:\/\/pisciculturagalileia.com.br\/site\/insumos\/","title":{"rendered":"Insumos"},"content":{"rendered":"\t\t<div data-elementor-type=\"wp-page\" data-elementor-id=\"1301\" class=\"elementor elementor-1301\" data-elementor-post-type=\"page\">\n\t\t\t\t<div class=\"elementor-element elementor-element-c003344 e-flex e-con-boxed e-con e-parent\" data-id=\"c003344\" data-element_type=\"container\" data-e-type=\"container\">\n\t\t\t\t\t<div class=\"e-con-inner\">\n\t\t\t\t<div class=\"elementor-element elementor-element-28a5add elementor-grid-4 elementor-grid-tablet-3 elementor-grid-mobile-2 elementor-products-grid elementor-wc-products elementor-widget elementor-widget-woocommerce-products\" data-id=\"28a5add\" data-element_type=\"widget\" data-e-type=\"widget\" data-widget_type=\"woocommerce-products.default\">\n\t\t\t\t<div class=\"elementor-widget-container\">\n\t\t\t\t\t<div class=\"woocommerce columns-4 \"><ul class=\"products elementor-grid columns-4\">\n<li class=\"product type-product post-1568 status-publish first instock product_cat-tilapia has-post-thumbnail shipping-taxable purchasable product-type-variable\">\n\t<a href=\"https:\/\/pisciculturagalileia.com.br\/site\/product\/tilapias-alevinos-a-partir-de-3cm\/\" class=\"woocommerce-LoopProduct-link woocommerce-loop-product__link\"><img fetchpriority=\"high\" decoding=\"async\" width=\"500\" height=\"500\" src=\"https:\/\/pisciculturagalileia.com.br\/site\/wp-content\/uploads\/2025\/10\/alevinostilapia.png\" class=\"attachment-woocommerce_thumbnail size-woocommerce_thumbnail\" alt=\"Til\u00e1pias Alevinos a partir de 3cm\" srcset=\"https:\/\/pisciculturagalileia.com.br\/site\/wp-content\/uploads\/2025\/10\/alevinostilapia.png 500w, https:\/\/pisciculturagalileia.com.br\/site\/wp-content\/uploads\/2025\/10\/alevinostilapia-300x300.png 300w, https:\/\/pisciculturagalileia.com.br\/site\/wp-content\/uploads\/2025\/10\/alevinostilapia-150x150.png 150w, https:\/\/pisciculturagalileia.com.br\/site\/wp-content\/uploads\/2025\/10\/alevinostilapia-100x100.png 100w\" sizes=\"(max-width: 500px) 100vw, 500px\" \/><h2 class=\"woocommerce-loop-product__title\">Til\u00e1pias Alevinos a partir de 3cm<\/h2>\n\t<span class=\"price\"><span class=\"woocommerce-Price-amount amount\" aria-hidden=\"true\"><bdi>69,90<span class=\"woocommerce-Price-currencySymbol\">&#82;&#36;<\/span><\/bdi><\/span> <span aria-hidden=\"true\">&ndash;<\/span> <span class=\"woocommerce-Price-amount amount\" aria-hidden=\"true\"><bdi>399,90<span class=\"woocommerce-Price-currencySymbol\">&#82;&#36;<\/span><\/bdi><\/span><span class=\"screen-reader-text\">Price range: 69,90&#82;&#36; through 399,90&#82;&#36;<\/span><\/span>\n<\/a><a href=\"https:\/\/pisciculturagalileia.com.br\/site\/product\/tilapias-alevinos-a-partir-de-3cm\/\" aria-describedby=\"woocommerce_loop_add_to_cart_link_describedby_1568\" data-quantity=\"1\" class=\"button product_type_variable add_to_cart_button\" data-product_id=\"1568\" data-product_sku=\"\" aria-label=\"Selecione as op\u00e7\u00f5es para &ldquo;Til\u00e1pias Alevinos a partir de 3cm&rdquo;\" rel=\"nofollow\">Ver op\u00e7\u00f5es<\/a>\t<span id=\"woocommerce_loop_add_to_cart_link_describedby_1568\" class=\"screen-reader-text\">\n\t\tEste produto tem v\u00e1rias variantes. As op\u00e7\u00f5es podem ser escolhidas na p\u00e1gina do produto\t<\/span>\n<\/li>\n<li class=\"product type-product post-376 status-publish instock product_cat-probiotico has-post-thumbnail sale shipping-taxable purchasable product-type-simple\">\n\t<a href=\"https:\/\/pisciculturagalileia.com.br\/site\/product\/aqualimp\/\" class=\"woocommerce-LoopProduct-link woocommerce-loop-product__link\">\n\t<span class=\"onsale\">Oferta!<\/span>\n\t<img decoding=\"async\" width=\"500\" height=\"500\" src=\"https:\/\/pisciculturagalileia.com.br\/site\/wp-content\/uploads\/2025\/10\/3.png\" class=\"attachment-woocommerce_thumbnail size-woocommerce_thumbnail\" alt=\"Probi\u00f3tico Aqualimp em p\u00f3 1 kilo\" srcset=\"https:\/\/pisciculturagalileia.com.br\/site\/wp-content\/uploads\/2025\/10\/3.png 500w, https:\/\/pisciculturagalileia.com.br\/site\/wp-content\/uploads\/2025\/10\/3-300x300.png 300w, https:\/\/pisciculturagalileia.com.br\/site\/wp-content\/uploads\/2025\/10\/3-150x150.png 150w, https:\/\/pisciculturagalileia.com.br\/site\/wp-content\/uploads\/2025\/10\/3-100x100.png 100w\" sizes=\"(max-width: 500px) 100vw, 500px\" \/><h2 class=\"woocommerce-loop-product__title\">Probi\u00f3tico Aqualimp em p\u00f3 1 kilo<\/h2>\n\t<span class=\"price\"><del aria-hidden=\"true\"><span class=\"woocommerce-Price-amount amount\"><bdi>178,00<span class=\"woocommerce-Price-currencySymbol\">&#82;&#36;<\/span><\/bdi><\/span><\/del> <span class=\"screen-reader-text\">O pre\u00e7o original era: 178,00&#082;&#036;.<\/span><ins aria-hidden=\"true\"><span class=\"woocommerce-Price-amount amount\"><bdi>149,90<span class=\"woocommerce-Price-currencySymbol\">&#82;&#36;<\/span><\/bdi><\/span><\/ins><span class=\"screen-reader-text\">O pre\u00e7o atual \u00e9: 149,90&#082;&#036;.<\/span><\/span>\n<\/a><a href=\"\/site\/wp-json\/wp\/v2\/pages\/1301?add-to-cart=376\" aria-describedby=\"woocommerce_loop_add_to_cart_link_describedby_376\" data-quantity=\"1\" class=\"button product_type_simple add_to_cart_button ajax_add_to_cart\" data-product_id=\"376\" data-product_sku=\"\" aria-label=\"Adicione ao carrinho: &ldquo;Probi\u00f3tico Aqualimp em p\u00f3 1 kilo&rdquo;\" rel=\"nofollow\" data-success_message=\"\u201cProbi\u00f3tico Aqualimp em p\u00f3 1 kilo\u201d foi adicionado ao seu carrinho\" role=\"button\">Adicionar ao carrinho<\/a>\t<span id=\"woocommerce_loop_add_to_cart_link_describedby_376\" class=\"screen-reader-text\">\n\t\t\t<\/span>\n<\/li>\n<\/ul>\n<\/div>\t\t\t\t<\/div>\n\t\t\t\t<\/div>\n\t\t\t\t\t<\/div>\n\t\t\t\t<\/div>\n\t\t\t\t<\/div>\n\t\t","protected":false},"excerpt":{"rendered":"","protected":false},"author":1,"featured_media":0,"parent":0,"menu_order":0,"comment_status":"closed","ping_status":"closed","template":"","meta":{"footnotes":""},"class_list":["post-1301","page","type-page","status-publish","hentry"],"_links":{"self":[{"href":"https:\/\/pisciculturagalileia.com.br\/site\/wp-json\/wp\/v2\/pages\/1301","targetHints":{"allow":["GET"]}}],"collection":[{"href":"https:\/\/pisciculturagalileia.com.br\/site\/wp-json\/wp\/v2\/pages"}],"about":[{"href":"https:\/\/pisciculturagalileia.com.br\/site\/wp-json\/wp\/v2\/types\/page"}],"author":[{"embeddable":true,"href":"https:\/\/pisciculturagalileia.com.br\/site\/wp-json\/wp\/v2\/users\/1"}],"replies":[{"embeddable":true,"href":"https:\/\/pisciculturagalileia.com.br\/site\/wp-json\/wp\/v2\/comments?post=1301"}],"version-history":[{"count":10,"href":"https:\/\/pisciculturagalileia.com.br\/site\/wp-json\/wp\/v2\/pages\/1301\/revisions"}],"predecessor-version":[{"id":1561,"href":"https:\/\/pisciculturagalileia.com.br\/site\/wp-json\/wp\/v2\/pages\/1301\/revisions\/1561"}],"wp:attachment":[{"href":"https:\/\/pisciculturagalileia.com.br\/site\/wp-json\/wp\/v2\/media?parent=1301"}],"curies":[{"name":"wp","href":"https:\/\/api.w.org\/{rel}","templated":true}]}}